{"id":2,"date":"2022-07-27T15:43:44","date_gmt":"2022-07-27T13:43:44","guid":{"rendered":"http:\/\/mille-et-un-chemins-d-apprendre.fr\/?page_id=2"},"modified":"2024-09-16T22:06:36","modified_gmt":"2024-09-16T20:06:36","slug":"page-d-exemple","status":"publish","type":"page","link":"https:\/\/mille-et-un-chemins-d-apprendre.fr\/","title":{"rendered":"Bienvenue"},"content":{"rendered":"\t\t<div data-elementor-type=\"wp-page\" data-elementor-id=\"2\" class=\"elementor elementor-2\">\n\t\t\t\t\t\t\t\t\t<section class=\"elementor-section elementor-top-section elementor-element elementor-element-f5bf9ab elementor-section-boxed elementor-section-height-default elementor-section-height-default\" data-id=\"f5bf9ab\" data-element_type=\"section\">\n\t\t\t\t\t\t<div class=\"elementor-container elementor-column-gap-default\">\n\t\t\t\t\t<div class=\"elementor-column elementor-col-33 elementor-top-column elementor-element elementor-element-cfff131\" data-id=\"cfff131\" data-element_type=\"column\">\n\t\t\t<div class=\"elementor-widget-wrap elementor-element-populated\">\n\t\t\t\t\t\t\t\t<div class=\"elementor-element elementor-element-706534e elementor-widget elementor-widget-image\" data-id=\"706534e\" data-element_type=\"widget\" data-widget_type=\"image.default\">\n\t\t\t\t<div class=\"elementor-widget-container\">\n\t\t\t<style>\/*! elementor - v3.7.8 - 02-10-2022 *\/\n.elementor-widget-image{text-align:center}.elementor-widget-image a{display:inline-block}.elementor-widget-image a img[src$=\".svg\"]{width:48px}.elementor-widget-image img{vertical-align:middle;display:inline-block}<\/style>\t\t\t\t\t\t\t\t\t\t\t\t<img loading=\"lazy\" decoding=\"async\" width=\"682\" height=\"1024\" src=\"https:\/\/mille-et-un-chemins-d-apprendre.fr\/wp-content\/uploads\/2024\/09\/Design-sans-titre-682x1024.jpg\" class=\"attachment-large size-large\" alt=\"\" srcset=\"https:\/\/mille-et-un-chemins-d-apprendre.fr\/wp-content\/uploads\/2024\/09\/Design-sans-titre-682x1024.jpg 682w, https:\/\/mille-et-un-chemins-d-apprendre.fr\/wp-content\/uploads\/2024\/09\/Design-sans-titre-200x300.jpg 200w, https:\/\/mille-et-un-chemins-d-apprendre.fr\/wp-content\/uploads\/2024\/09\/Design-sans-titre-768x1152.jpg 768w, https:\/\/mille-et-un-chemins-d-apprendre.fr\/wp-content\/uploads\/2024\/09\/Design-sans-titre-1024x1536.jpg 1024w, https:\/\/mille-et-un-chemins-d-apprendre.fr\/wp-content\/uploads\/2024\/09\/Design-sans-titre.jpg 1333w\" sizes=\"auto, (max-width: 682px) 100vw, 682px\" \/>\t\t\t\t\t\t\t\t\t\t\t\t\t\t\t<\/div>\n\t\t\t\t<\/div>\n\t\t\t\t\t<\/div>\n\t\t<\/div>\n\t\t\t\t<div class=\"elementor-column elementor-col-66 elementor-top-column elementor-element elementor-element-f16b672\" data-id=\"f16b672\" data-element_type=\"column\">\n\t\t\t<div class=\"elementor-widget-wrap elementor-element-populated\">\n\t\t\t\t\t\t\t\t<div class=\"elementor-element elementor-element-e9a565d elementor-widget elementor-widget-heading\" data-id=\"e9a565d\" data-element_type=\"widget\" data-widget_type=\"heading.default\">\n\t\t\t\t<div class=\"elementor-widget-container\">\n\t\t\t<style>\/*! elementor - v3.7.8 - 02-10-2022 *\/\n.elementor-heading-title{padding:0;margin:0;line-height:1}.elementor-widget-heading .elementor-heading-title[class*=elementor-size-]>a{color:inherit;font-size:inherit;line-height:inherit}.elementor-widget-heading .elementor-heading-title.elementor-size-small{font-size:15px}.elementor-widget-heading .elementor-heading-title.elementor-size-medium{font-size:19px}.elementor-widget-heading .elementor-heading-title.elementor-size-large{font-size:29px}.elementor-widget-heading .elementor-heading-title.elementor-size-xl{font-size:39px}.elementor-widget-heading .elementor-heading-title.elementor-size-xxl{font-size:59px}<\/style><h2 class=\"elementor-heading-title elementor-size-default\"><div style=\"font-variant-caps: normal; font-family: Roboto, sans-serif; font-size: 18px; caret-color: rgb(44, 44, 44); color: rgb(44, 44, 44); white-space: normal;\"><div style=\"font-variant-caps: normal; font-family: Roboto, sans-serif; font-size: 18px; letter-spacing: normal; text-align: start;\"><p align=\"center\" style=\"font-style: normal; font-size: 18px;\"><br><\/p><p align=\"center\" style=\"font-style: normal; font-size: 18px;\"><br><\/p><p align=\"center\" style=\"font-size: 18px;\"><i>Je suis St\u00e9phanie Devillechabrolle,&nbsp;<\/i><\/p><\/div><div style=\"font-variant-caps: normal; font-family: Roboto, sans-serif; font-size: 18px; letter-spacing: normal; text-align: start;\"><span style=\"margin-bottom: 20px; line-height: 1.6; font-family: Elsie; font-size: 18px; font-weight: 600;\"><i><span style=\"font-size: 18px;\">&nbsp; &nbsp; &nbsp; &nbsp; &nbsp; &nbsp; &nbsp; &nbsp; &nbsp; &nbsp; &nbsp; &nbsp; &nbsp; &nbsp; &nbsp; &nbsp; &nbsp; &nbsp; &nbsp; &nbsp; &nbsp; &nbsp; &nbsp; &nbsp;Orthop\u00e9dagogue&nbsp;<\/span>certifi\u00e9e<\/i><\/span><\/div><div style=\"font-variant-caps: normal; font-family: Roboto, sans-serif; font-size: 18px; letter-spacing: normal; text-align: start;\"><span style=\"margin-bottom: 20px; line-height: 1.6; font-family: Elsie; font-size: 18px; font-weight: 600;\"><i><br><\/i><\/span><\/div><div style=\"font-variant-caps: normal; font-family: Roboto, sans-serif; font-size: 18px; letter-spacing: normal; text-align: start;\"><p align=\"center\" style=\"font-size: 18px;\"><i>Apr\u00e8s avoir exerc\u00e9 pendant vingt ans dans le secteur bancaire, j'ai pris le cap d'une reconversion professionnelle afin de remettre l'humain au coeur de mes pr\u00e9occupations.&nbsp;<\/i><span style=\"font-size: 18px; text-align: start;\"><i>Un virage \u00e0 180\u00b0 mais avec&nbsp;un tronc commun essentiel : l<\/i><\/span><i style=\"font-size: 18px; text-align: start;\"><span style=\"font-size: 18px;\">\u2019accompagnement, l'\u00e9coute,&nbsp;le conseil, l'empathie et l'int\u00e9grit\u00e9.<\/span><span style=\"font-size: 18px;\">&nbsp;<\/span><\/i><i style=\"font-size: 18px; text-align: start;\">L'orthop\u00e9dagogie s'est r\u00e9v\u00e9l\u00e9e \u00e0 moi comme une \u00e9vidence.&nbsp;<\/i><\/p><p align=\"center\" style=\"font-size: 18px;\"><i style=\"font-size: 18px; text-align: start;\">En parall\u00e8le de ma formation, j'ai occup\u00e9 pendant trois ans un poste d'AESH &nbsp; &nbsp; &nbsp;&nbsp;<span style=\"font-size: 18px;\">(accompagnante d'\u00e9l\u00e8ves&nbsp;<\/span><span style=\"font-size: 18px;\">en situation de handicap). &nbsp;<\/span><\/i><\/p><p align=\"center\" style=\"font-size: 18px;\"><i style=\"font-size: 18px; text-align: start;\">Les besoins particuliers des apprenants en difficult\u00e9 sont<span style=\"font-size: 18px;\">&nbsp;une r\u00e9alit\u00e9 du terrain&nbsp;<\/span><span style=\"font-size: 18px;\">que l'on ne peut ignorer et pour laquelle il faut une r\u00e9ponse adapt\u00e9e.<\/span><\/i><span style=\"font-family: Roboto, sans-serif; letter-spacing: 0px; white-space: pre-wrap; text-align: start; color: rgba(12, 0, 8, 0.97); font-size: 20px;\"><\/span><\/p><\/div><\/div><\/h2>\t\t<\/div>\n\t\t\t\t<\/div>\n\t\t\t\t\t<\/div>\n\t\t<\/div>\n\t\t\t\t\t\t\t<\/div>\n\t\t<\/section>\n\t\t\t\t<section class=\"elementor-section elementor-top-section elementor-element elementor-element-ae43973 elementor-section-boxed elementor-section-height-default elementor-section-height-default\" data-id=\"ae43973\" data-element_type=\"section\">\n\t\t\t\t\t\t<div class=\"elementor-container elementor-column-gap-default\">\n\t\t\t\t\t<div class=\"elementor-column elementor-col-100 elementor-top-column elementor-element elementor-element-4043c99\" data-id=\"4043c99\" data-element_type=\"column\">\n\t\t\t<div class=\"elementor-widget-wrap elementor-element-populated\">\n\t\t\t\t\t\t\t\t<div class=\"elementor-element elementor-element-1b4187f elementor-widget-divider--separator-type-pattern elementor-widget-divider--view-line elementor-widget elementor-widget-divider\" data-id=\"1b4187f\" data-element_type=\"widget\" data-widget_type=\"divider.default\">\n\t\t\t\t<div class=\"elementor-widget-container\">\n\t\t\t<style>\/*! elementor - v3.7.8 - 02-10-2022 *\/\n.elementor-widget-divider{--divider-border-style:none;--divider-border-width:1px;--divider-color:#2c2c2c;--divider-icon-size:20px;--divider-element-spacing:10px;--divider-pattern-height:24px;--divider-pattern-size:20px;--divider-pattern-url:none;--divider-pattern-repeat:repeat-x}.elementor-widget-divider .elementor-divider{display:-webkit-box;display:-ms-flexbox;display:flex}.elementor-widget-divider .elementor-divider__text{font-size:15px;line-height:1;max-width:95%}.elementor-widget-divider .elementor-divider__element{margin:0 var(--divider-element-spacing);-ms-flex-negative:0;flex-shrink:0}.elementor-widget-divider .elementor-icon{font-size:var(--divider-icon-size)}.elementor-widget-divider .elementor-divider-separator{display:-webkit-box;display:-ms-flexbox;display:flex;margin:0;direction:ltr}.elementor-widget-divider--view-line_icon .elementor-divider-separator,.elementor-widget-divider--view-line_text .elementor-divider-separator{-webkit-box-align:center;-ms-flex-align:center;align-items:center}.elementor-widget-divider--view-line_icon .elementor-divider-separator:after,.elementor-widget-divider--view-line_icon .elementor-divider-separator:before,.elementor-widget-divider--view-line_text .elementor-divider-separator:after,.elementor-widget-divider--view-line_text .elementor-divider-separator:before{display:block;content:\"\";border-bottom:0;-webkit-box-flex:1;-ms-flex-positive:1;flex-grow:1;border-top:var(--divider-border-width) var(--divider-border-style) var(--divider-color)}.elementor-widget-divider--element-align-left .elementor-divider .elementor-divider-separator>.elementor-divider__svg:first-of-type{-webkit-box-flex:0;-ms-flex-positive:0;flex-grow:0;-ms-flex-negative:100;flex-shrink:100}.elementor-widget-divider--element-align-left .elementor-divider-separator:before{content:none}.elementor-widget-divider--element-align-left .elementor-divider__element{margin-left:0}.elementor-widget-divider--element-align-right .elementor-divider .elementor-divider-separator>.elementor-divider__svg:last-of-type{-webkit-box-flex:0;-ms-flex-positive:0;flex-grow:0;-ms-flex-negative:100;flex-shrink:100}.elementor-widget-divider--element-align-right .elementor-divider-separator:after{content:none}.elementor-widget-divider--element-align-right .elementor-divider__element{margin-right:0}.elementor-widget-divider:not(.elementor-widget-divider--view-line_text):not(.elementor-widget-divider--view-line_icon) .elementor-divider-separator{border-top:var(--divider-border-width) var(--divider-border-style) var(--divider-color)}.elementor-widget-divider--separator-type-pattern{--divider-border-style:none}.elementor-widget-divider--separator-type-pattern.elementor-widget-divider--view-line .elementor-divider-separator,.elementor-widget-divider--separator-type-pattern:not(.elementor-widget-divider--view-line) .elementor-divider-separator:after,.elementor-widget-divider--separator-type-pattern:not(.elementor-widget-divider--view-line) .elementor-divider-separator:before,.elementor-widget-divider--separator-type-pattern:not([class*=elementor-widget-divider--view]) .elementor-divider-separator{width:100%;min-height:var(--divider-pattern-height);-webkit-mask-size:var(--divider-pattern-size) 100%;mask-size:var(--divider-pattern-size) 100%;-webkit-mask-repeat:var(--divider-pattern-repeat);mask-repeat:var(--divider-pattern-repeat);background-color:var(--divider-color);-webkit-mask-image:var(--divider-pattern-url);mask-image:var(--divider-pattern-url)}.elementor-widget-divider--no-spacing{--divider-pattern-size:auto}.elementor-widget-divider--bg-round{--divider-pattern-repeat:round}.rtl .elementor-widget-divider .elementor-divider__text{direction:rtl}.e-container>.elementor-widget-divider{width:var(--container-widget-width,100%);--flex-grow:var(--container-widget-flex-grow,0)}<\/style>\t\t<div class=\"elementor-divider\" style=\"--divider-pattern-url: url(&quot;data:image\/svg+xml,%3Csvg xmlns=&#039;http:\/\/www.w3.org\/2000\/svg&#039; preserveAspectRatio=&#039;none&#039; overflow=&#039;visible&#039; height=&#039;100%&#039; viewBox=&#039;0 0 24 24&#039; fill=&#039;none&#039; stroke=&#039;black&#039; stroke-width=&#039;1&#039; stroke-linecap=&#039;square&#039; stroke-miterlimit=&#039;10&#039;%3E%3Cpath d=&#039;M0,21c3.3,0,8.3-0.9,15.7-7.1c6.6-5.4,4.4-9.3,2.4-10.3c-3.4-1.8-7.7,1.3-7.3,8.8C11.2,20,17.1,21,24,21&#039;\/%3E%3C\/svg%3E&quot;);\">\n\t\t\t<span class=\"elementor-divider-separator\">\n\t\t\t\t\t\t<\/span>\n\t\t<\/div>\n\t\t\t\t<\/div>\n\t\t\t\t<\/div>\n\t\t\t\t\t<\/div>\n\t\t<\/div>\n\t\t\t\t\t\t\t<\/div>\n\t\t<\/section>\n\t\t\t\t<section class=\"elementor-section elementor-top-section elementor-element elementor-element-bbf9bb3 elementor-section-boxed elementor-section-height-default elementor-section-height-default\" data-id=\"bbf9bb3\" data-element_type=\"section\">\n\t\t\t\t\t\t<div class=\"elementor-container elementor-column-gap-default\">\n\t\t\t\t\t<div class=\"elementor-column elementor-col-100 elementor-top-column elementor-element elementor-element-c66c6e4\" data-id=\"c66c6e4\" data-element_type=\"column\">\n\t\t\t<div class=\"elementor-widget-wrap elementor-element-populated\">\n\t\t\t\t\t\t\t\t<div class=\"elementor-element elementor-element-469cf51 elementor-widget elementor-widget-spacer\" data-id=\"469cf51\" data-element_type=\"widget\" data-widget_type=\"spacer.default\">\n\t\t\t\t<div class=\"elementor-widget-container\">\n\t\t\t<style>\/*! elementor - v3.7.8 - 02-10-2022 *\/\n.elementor-column .elementor-spacer-inner{height:var(--spacer-size)}.e-container{--container-widget-width:100%}.e-container>.elementor-widget-spacer{width:var(--container-widget-width,var(--spacer-size));-ms-flex-item-align:stretch;align-self:stretch;-ms-flex-negative:0;flex-shrink:0}.e-container>.elementor-widget-spacer>.elementor-widget-container,.e-container>.elementor-widget-spacer>.elementor-widget-container>.elementor-spacer{height:100%}.e-container>.elementor-widget-spacer>.elementor-widget-container>.elementor-spacer>.elementor-spacer-inner{height:var(--container-widget-height,var(--spacer-size))}<\/style>\t\t<div class=\"elementor-spacer\">\n\t\t\t<div class=\"elementor-spacer-inner\"><\/div>\n\t\t<\/div>\n\t\t\t\t<\/div>\n\t\t\t\t<\/div>\n\t\t\t\t\t<\/div>\n\t\t<\/div>\n\t\t\t\t\t\t\t<\/div>\n\t\t<\/section>\n\t\t\t\t<section class=\"elementor-section elementor-top-section elementor-element elementor-element-b947693 elementor-section-boxed elementor-section-height-default elementor-section-height-default\" data-id=\"b947693\" data-element_type=\"section\">\n\t\t\t\t\t\t<div class=\"elementor-container elementor-column-gap-default\">\n\t\t\t\t\t<div class=\"elementor-column elementor-col-66 elementor-top-column elementor-element elementor-element-dd06062\" data-id=\"dd06062\" data-element_type=\"column\">\n\t\t\t<div class=\"elementor-widget-wrap elementor-element-populated\">\n\t\t\t\t\t\t\t\t<div class=\"elementor-element elementor-element-b82123c elementor-widget elementor-widget-heading\" data-id=\"b82123c\" data-element_type=\"widget\" data-widget_type=\"heading.default\">\n\t\t\t\t<div class=\"elementor-widget-container\">\n\t\t\t<h2 class=\"elementor-heading-title elementor-size-default\"><span class=\"elementor-heading-title elementor-size-default elementor-inline-editing pen\" data-elementor-setting-key=\"title\" data-pen-placeholder=\"\u00c9crivez ici...\" style=\"outline-color: currentcolor; outline-style: none; line-height: 25px;\"><div style=\"color: rgb(44, 44, 44); font-family: Roboto, sans-serif; font-size: 18px; font-style: normal; font-variant-caps: normal; letter-spacing: 0.4px; word-spacing: 2px; caret-color: rgb(44, 44, 44); text-align: center; white-space: normal;\"><p style=\"font-size: 18px;\"><i style=\"font-size: 18px;\">J'ai fait le choix de me former aupr\u00e8s de&nbsp;<\/i><\/p><p style=\"font-size: 18px;\"><i style=\"font-size: 18px;\"><b>l'Ecole Fran\u00e7aise d'orthop\u00e9dagogie de&nbsp;<\/b><span style=\"font-size: 18px;\"><b>Lyon.<\/b><\/span><\/i><i style=\"font-size: 18px; letter-spacing: 0.4px;\">&nbsp;<\/i><\/p><\/div><div style=\"color: rgb(44, 44, 44); font-family: Roboto, sans-serif; font-size: 18px; font-style: normal; font-variant-caps: normal; letter-spacing: 0.4px; word-spacing: 2px; caret-color: rgb(44, 44, 44); text-align: center; white-space: normal;\"><p style=\"font-size: 18px;\"><i style=\"font-size: 18px;\">Apr\u00e8s un an de formation initiale int\u00e9grant entre autres, les grands principes de la<span class=\"apple-converted-space\" style=\"font-size: 18px;\">&nbsp;<\/span><span style=\"font-size: 18px;\">gestion mentale, de la p\u00e9dagogie, des neurosciences (neuro\u00e9ducation et sciences cognitives) et des troubles neurod\u00e9veloppementaux,<\/span>&nbsp;j'ai compl\u00e9t\u00e9 mon cursus par un module&nbsp;de sp\u00e9cialisation<span class=\"apple-converted-space\" style=\"font-size: 18px;\">&nbsp;<\/span><span style=\"font-size: 18px;\">d'intervention en math\u00e9matiques.&nbsp;<\/span><\/i><\/p><\/div><div style=\"color: rgb(44, 44, 44); font-family: Roboto, sans-serif; font-size: 18px; font-style: normal; font-variant-caps: normal; letter-spacing: 0.4px; word-spacing: 2px; caret-color: rgb(44, 44, 44); text-align: center; white-space: normal;\"><p style=\"font-size: 18px;\"><i style=\"font-size: 18px;\">J'ai perfectionn\u00e9 mon parcours par une seconde ann\u00e9e de sp\u00e9cialisations diverses et d'approfondissement de th\u00e9matiques telles que&nbsp;<span style=\"font-size: 18px;\">la<span class=\"apple-converted-space\" style=\"font-size: 18px;\">&nbsp;rem\u00e9diation des fonctions cognitives et ex\u00e9cutives, la&nbsp;<\/span>p\u00e9dagogie par le jeu<span class=\"apple-converted-space\" style=\"font-size: 18px;\">&nbsp;<\/span>ou encore les<span class=\"apple-converted-space\" style=\"font-size: 18px;\">&nbsp;<\/span>troubles du calcul.<\/span><\/i><\/p><\/div><div style=\"text-align: center;\"><p><i style=\"caret-color: rgb(44, 44, 44); color: rgb(44, 44, 44); font-family: Roboto, sans-serif; font-size: 18px; font-variant-caps: normal; letter-spacing: 0.4px; white-space: normal; word-spacing: 2px;\">La formation continue est une ressource essentielle \u00e0 la pratique de l'orthop\u00e9dagogie et me permet aujourd'hui d'accompagner des apprenants, mais aussi des parents en besoin de guidance<\/i><i style=\"caret-color: rgb(44, 44, 44); color: rgb(44, 44, 44); font-family: Roboto, sans-serif; font-size: 18px; font-style: normal; font-variant-caps: normal; letter-spacing: 0.4px; white-space: normal; word-spacing: 2px;\">.<\/i><i style=\"caret-color: rgb(44, 44, 44); color: rgb(44, 44, 44); font-family: Roboto, sans-serif; font-size: 18px; font-style: normal; font-variant-caps: normal; letter-spacing: 0.4px; white-space: normal; word-spacing: 2px;\">&nbsp;<\/i><\/p><\/div><\/span><\/h2>\t\t<\/div>\n\t\t\t\t<\/div>\n\t\t\t\t\t<\/div>\n\t\t<\/div>\n\t\t\t\t<div class=\"elementor-column elementor-col-33 elementor-top-column elementor-element elementor-element-cbd0453\" data-id=\"cbd0453\" data-element_type=\"column\">\n\t\t\t<div class=\"elementor-widget-wrap elementor-element-populated\">\n\t\t\t\t\t\t\t\t<div class=\"elementor-element elementor-element-63a1760 elementor-widget elementor-widget-image\" data-id=\"63a1760\" data-element_type=\"widget\" data-widget_type=\"image.default\">\n\t\t\t\t<div class=\"elementor-widget-container\">\n\t\t\t\t\t\t\t\t\t\t\t\t\t\t\t<img loading=\"lazy\" decoding=\"async\" width=\"1024\" height=\"768\" src=\"https:\/\/mille-et-un-chemins-d-apprendre.fr\/wp-content\/uploads\/2024\/09\/2.png\" class=\"attachment-2048x2048 size-2048x2048\" alt=\"\" srcset=\"https:\/\/mille-et-un-chemins-d-apprendre.fr\/wp-content\/uploads\/2024\/09\/2.png 1024w, https:\/\/mille-et-un-chemins-d-apprendre.fr\/wp-content\/uploads\/2024\/09\/2-300x225.png 300w, https:\/\/mille-et-un-chemins-d-apprendre.fr\/wp-content\/uploads\/2024\/09\/2-768x576.png 768w\" sizes=\"auto, (max-width: 1024px) 100vw, 1024px\" \/>\t\t\t\t\t\t\t\t\t\t\t\t\t\t\t<\/div>\n\t\t\t\t<\/div>\n\t\t\t\t\t<\/div>\n\t\t<\/div>\n\t\t\t\t\t\t\t<\/div>\n\t\t<\/section>\n\t\t\t\t<section class=\"elementor-section elementor-top-section elementor-element elementor-element-5604d1f elementor-section-boxed elementor-section-height-default elementor-section-height-default\" data-id=\"5604d1f\" data-element_type=\"section\">\n\t\t\t\t\t\t<div class=\"elementor-container elementor-column-gap-default\">\n\t\t\t\t\t<div class=\"elementor-column elementor-col-100 elementor-top-column elementor-element elementor-element-3824429\" data-id=\"3824429\" data-element_type=\"column\">\n\t\t\t<div class=\"elementor-widget-wrap elementor-element-populated\">\n\t\t\t\t\t\t\t\t<div class=\"elementor-element elementor-element-ace8aec elementor-widget elementor-widget-spacer\" data-id=\"ace8aec\" data-element_type=\"widget\" data-widget_type=\"spacer.default\">\n\t\t\t\t<div class=\"elementor-widget-container\">\n\t\t\t\t\t<div class=\"elementor-spacer\">\n\t\t\t<div class=\"elementor-spacer-inner\"><\/div>\n\t\t<\/div>\n\t\t\t\t<\/div>\n\t\t\t\t<\/div>\n\t\t\t\t\t<\/div>\n\t\t<\/div>\n\t\t\t\t\t\t\t<\/div>\n\t\t<\/section>\n\t\t\t\t\t\t\t<\/div>\n\t\t","protected":false},"excerpt":{"rendered":"<p>Je suis St\u00e9phanie Devillechabrolle,&nbsp; &nbsp; &nbsp; &nbsp; &nbsp; &nbsp; &nbsp; &nbsp; &nbsp; &nbsp; &nbsp; &nbsp; &nbsp; &nbsp; &nbsp; &nbsp; &nbsp; &nbsp; &nbsp; &nbsp; &nbsp; &nbsp; &nbsp; &nbsp; &nbsp;Orthop\u00e9dagogue&nbsp;certifi\u00e9e Apr\u00e8s avoir exerc\u00e9 pendant vingt ans dans le secteur bancaire, j&rsquo;ai pris le cap d&rsquo;une reconversion professionnelle afin de remettre l&rsquo;humain au coeur de mes pr\u00e9occupations.&nbsp;Un virage [&hellip;]<\/p>\n","protected":false},"author":1,"featured_media":0,"parent":0,"menu_order":0,"comment_status":"closed","ping_status":"open","template":"","meta":{"footnotes":""},"class_list":["post-2","page","type-page","status-publish","hentry","entry"],"_links":{"self":[{"href":"https:\/\/mille-et-un-chemins-d-apprendre.fr\/index.php\/wp-json\/wp\/v2\/pages\/2","targetHints":{"allow":["GET"]}}],"collection":[{"href":"https:\/\/mille-et-un-chemins-d-apprendre.fr\/index.php\/wp-json\/wp\/v2\/pages"}],"about":[{"href":"https:\/\/mille-et-un-chemins-d-apprendre.fr\/index.php\/wp-json\/wp\/v2\/types\/page"}],"author":[{"embeddable":true,"href":"https:\/\/mille-et-un-chemins-d-apprendre.fr\/index.php\/wp-json\/wp\/v2\/users\/1"}],"replies":[{"embeddable":true,"href":"https:\/\/mille-et-un-chemins-d-apprendre.fr\/index.php\/wp-json\/wp\/v2\/comments?post=2"}],"version-history":[{"count":268,"href":"https:\/\/mille-et-un-chemins-d-apprendre.fr\/index.php\/wp-json\/wp\/v2\/pages\/2\/revisions"}],"predecessor-version":[{"id":1157,"href":"https:\/\/mille-et-un-chemins-d-apprendre.fr\/index.php\/wp-json\/wp\/v2\/pages\/2\/revisions\/1157"}],"wp:attachment":[{"href":"https:\/\/mille-et-un-chemins-d-apprendre.fr\/index.php\/wp-json\/wp\/v2\/media?parent=2"}],"curies":[{"name":"wp","href":"https:\/\/api.w.org\/{rel}","templated":true}]}}